{"id":657,"date":"2025-10-28T09:08:14","date_gmt":"2025-10-28T09:08:14","guid":{"rendered":"https:\/\/rois-dz.com\/?post_type=product&#038;p=657"},"modified":"2025-10-28T09:08:14","modified_gmt":"2025-10-28T09:08:14","slug":"oreiller-orthopedique-microfibre-premium","status":"publish","type":"product","link":"https:\/\/rois-dz.com\/en\/product\/oreiller-orthopedique-microfibre-premium\/","title":{"rendered":"Oreiller Orthop\u00e9dique Microfibre Premium"},"content":{"rendered":"<p>\u062d\u0635\u0631\u064a\u0627 \u0648 \u0644\u0623\u0648\u0644 \u0645\u0631\u0629 \u0641\u064a \u0627\u0644\u062c\u0632\u0627\u0626\u0631 \u0648\u0633\u0627\u062f\u0629 \u0625\u064a\u0632\u064a \u0633\u0644\u064a\u0628\ud83d\uded1<br \/>\n\ud83d\udce2\ud83d\udce3\ud83d\udd0a<br \/>\n\ud83d\udfe24 \u0648\u0633\u0627\u062f\u0627\u062a \u0632\u0627\u0626\u062f 4 \u063a\u0644\u0627\u0641\u0627\u062a: 10000 \u062f\u062c<\/p>\n<p>Garnissage : Microfibre orthop\u00e9dique 100 % polyester fibre silicon\u00e9e, offrant \u00e0 la fois un soutien et un confort moelleux.<br \/>\nFermet\u00e9 : Moyenne (medium).<br \/>\nEnveloppe : Percale de coton de haute qualit\u00e9, pour une douceur et une respirabilit\u00e9 accrues.<br \/>\nHypoallerg\u00e9nique : Le garnissage et le tissu sont trait\u00e9s pour \u00eatre anti-allergiques et anti-acariens, selon Instagram.<br \/>\nConfort : Sa conception orthop\u00e9dique est con\u00e7ue pour s&#8217;adapter \u00e0 la forme de la t\u00eate et du cou, assurant un haut niveau de confort.<br \/>\nDimensions : Souvent propos\u00e9 au format standard de 50 x 70 cm.<\/p>\n<p>\u0645\u0635\u0646\u0648\u0639 \u0628\u0645\u0648\u0627\u062f 100\/100 \u0645\u0633\u062a\u0648\u0631\u062f\u0629 \u0648\u0628\u062c\u0648\u062f\u0629 \u0639\u0627\u0644\u064a\u0629<br \/>\n\u0642\u062f\u0631\u0646\u0627 \u0646\u0648\u0641\u0631\u0648\u0647\u0627 \u0628\u0623\u0633\u0639\u0627\u0631 \u062a\u0646\u0627\u0641\u0633\u064a\u0629 \u0648 \u0645\u0639 \u0644\u063a\u0644\u0627\u0641\u0627\u062a \u0623\u064a\u0636\u0627<\/p>\n<p>\ud83d\udfe24 oreillers 10000 Da plus 4 taies d&#8217;oreiller<\/p>\n<p>\u0627\u0644\u062a\u0648\u0635\u064a\u0644 \u0645\u062a\u0648\u0641\u0631 \ud83d\ude97\ud83d\ude97\ud83d\ude97 \ud83d\ude9b\ud83d\ude9a<\/p>\n<p>\ud83c\udf81\ud83c\udf81\ud83c\udf81\u062f\u064a\u0631 \u0637\u0644\u0628\u064a\u0629 \u0642\u0628\u0644 \u0646\u0641\u0627\u0630 \u0627\u0644\u0643\u0645\u064a\u0629 \ud83d\ude09\ud83c\udf18\ud83c\udf11<\/p>\n<p>\u260e\ufe0f\ud83d\udcde\u260e\ufe0f\u0625\u062a\u0635\u0644 \u0628\u0646\u0627 : 0774184232 \u2705<\/p>\n<p>\u062a\u0648\u0627\u0635\u0644 \u0645\u0639\u0646\u0627 \u0641\u064a \u0627\u0644\u062e\u0627\u0635 : \u0628\u0631\u064a\u062f \u0627\u0644\u0635\u0641\u062d\u0629 \u0623\u0648 \u0639\u0644\u0649 \u0627\u0644\u0648\u0627\u062a\u0633\u0627\u0628 \u2705<\/p>\n<p>\u0625\u0645\u0644\u0623 \u0627\u0644\u0625\u0633\u062a\u0645\u0627\u0631\u0629 \u2705<\/p>","protected":false},"excerpt":{"rendered":"<p>\u062d\u0635\u0631\u064a\u0627 \u0648 \u0644\u0623\u0648\u0644 \u0645\u0631\u0629 \u0641\u064a \u0627\u0644\u062c\u0632\u0627\u0626\u0631 \u0648\u0633\u0627\u062f\u0629 \u0625\u064a\u0632\u064a \u0633\u0644\u064a\u0628\ud83d\uded1 \ud83d\udce2\ud83d\udce3\ud83d\udd0a \ud83d\udfe24 \u0648\u0633\u0627\u062f\u0627\u062a \u0632\u0627\u0626\u062f 4 \u063a\u0644\u0627\u0641\u0627\u062a: 10000 \u062f\u062c Garnissage : Microfibre orthop\u00e9dique 100 % polyester fibre silicon\u00e9e, offrant \u00e0 la fois un soutien et un confort moelleux. Fermet\u00e9 : Moyenne (medium). Enveloppe : Percale de coton de haute qualit\u00e9, pour une douceur et une respirabilit\u00e9 accrues. [&hellip;]<\/p>\n","protected":false},"featured_media":659,"comment_status":"open","ping_status":"closed","template":"","meta":[],"product_brand":[],"product_cat":[15],"product_tag":[],"class_list":{"0":"post-657","1":"product","2":"type-product","3":"status-publish","4":"has-post-thumbnail","6":"product_cat-uncategorized","8":"first","9":"instock","10":"taxable","11":"shipping-taxable","12":"purchasable","13":"product-type-variable"},"_links":{"self":[{"href":"https:\/\/rois-dz.com\/en\/wp-json\/wp\/v2\/product\/657","targetHints":{"allow":["GET"]}}],"collection":[{"href":"https:\/\/rois-dz.com\/en\/wp-json\/wp\/v2\/product"}],"about":[{"href":"https:\/\/rois-dz.com\/en\/wp-json\/wp\/v2\/types\/product"}],"replies":[{"embeddable":true,"href":"https:\/\/rois-dz.com\/en\/wp-json\/wp\/v2\/comments?post=657"}],"wp:featuredmedia":[{"embeddable":true,"href":"https:\/\/rois-dz.com\/en\/wp-json\/wp\/v2\/media\/659"}],"wp:attachment":[{"href":"https:\/\/rois-dz.com\/en\/wp-json\/wp\/v2\/media?parent=657"}],"wp:term":[{"taxonomy":"product_brand","embeddable":true,"href":"https:\/\/rois-dz.com\/en\/wp-json\/wp\/v2\/product_brand?post=657"},{"taxonomy":"product_cat","embeddable":true,"href":"https:\/\/rois-dz.com\/en\/wp-json\/wp\/v2\/product_cat?post=657"},{"taxonomy":"product_tag","embeddable":true,"href":"https:\/\/rois-dz.com\/en\/wp-json\/wp\/v2\/product_tag?post=657"}],"curies":[{"name":"wp","href":"https:\/\/api.w.org\/{rel}","templated":true}]}}