{"id":620,"date":"2025-10-22T17:28:42","date_gmt":"2025-10-22T17:28:42","guid":{"rendered":"https:\/\/rois-dz.com\/?post_type=product&#038;p=620"},"modified":"2025-10-22T17:29:47","modified_gmt":"2025-10-22T17:29:47","slug":"oreiller-orthopedique-premium","status":"publish","type":"product","link":"https:\/\/rois-dz.com\/en\/product\/oreiller-orthopedique-premium\/","title":{"rendered":"Oreiller Orthop\u00e9dique Premium"},"content":{"rendered":"<p>Caract\u00e9ristiques principales<br \/>\nMousse \u00e0 m\u00e9moire de forme : Fabriqu\u00e9e \u00e0 partir de polyur\u00e9thane, cette mousse se d\u00e9forme sous l&#8217;effet de la chaleur et de la pression du corps, avant de retrouver sa forme initiale une fois la pression rel\u00e2ch\u00e9e.<br \/>\nSoutien personnalis\u00e9 : L&#8217;oreiller s&#8217;adapte \u00e0 la morphologie de l&#8217;utilisateur pour offrir un soutien sur mesure, r\u00e9partissant uniform\u00e9ment le poids et soulageant les points de tension.<br \/>\nAlignement de la colonne vert\u00e9brale : Il favorise un bon alignement de la colonne cervicale, quelle que soit la position de sommeil (dos, c\u00f4t\u00e9, ventre).<br \/>\nDensit\u00e9 et fermet\u00e9 : La fermet\u00e9 de l&#8217;oreiller peut \u00eatre choisie en fonction de la densit\u00e9 de la mousse. Une densit\u00e9 plus \u00e9lev\u00e9e (sup\u00e9rieure \u00e0 70 kg\/m\u00b3) offre un maintien plus ferme, tandis qu&#8217;une densit\u00e9 plus basse (40 \u00e0 50 kg\/m\u00b3) est plus souple.<br \/>\nHousse de protection : La housse est souvent faite de coton ou de polyester, est parfois amovible pour un entretien facile, et peut \u00eatre con\u00e7ue pour am\u00e9liorer la respirabilit\u00e9 ou la sensation de fra\u00eecheur.<br \/>\nDurabilit\u00e9 : La mousse visco\u00e9lastique est durable et retrouve sa forme, mais certains mod\u00e8les peuvent permettre d&#8217;ajuster la hauteur pour une personnalisation suppl\u00e9mentaire \u00e0 long terme.<br \/>\nEntretien : Ils sont g\u00e9n\u00e9ralement simples \u00e0 nettoyer et \u00e0 s\u00e9cher, et sont une bonne option pour les personnes sujettes aux allergies.<\/p>","protected":false},"excerpt":{"rendered":"<p>Caract\u00e9ristiques principales<br \/>\nMousse \u00e0 m\u00e9moire de forme : Fabriqu\u00e9e \u00e0 partir de polyur\u00e9thane, cette mousse se d\u00e9forme sous l&#8217;effet de la chaleur et de la pression du corps, avant de retrouver sa forme initiale une fois la pression rel\u00e2ch\u00e9e.<br \/>\nSoutien personnalis\u00e9 : L&#8217;oreiller s&#8217;adapte \u00e0 la morphologie de l&#8217;utilisateur pour offrir un soutien sur mesure, r\u00e9partissant uniform\u00e9ment le poids et soulageant les points de tension.<br \/>\nAlignement de la colonne vert\u00e9brale : Il favorise un bon alignement de la colonne cervicale, quelle que soit la position de sommeil (dos, c\u00f4t\u00e9, ventre).<br \/>\nDensit\u00e9 et fermet\u00e9 : La fermet\u00e9 de l&#8217;oreiller peut \u00eatre choisie en fonction de la densit\u00e9 de la mousse. Une densit\u00e9 plus \u00e9lev\u00e9e (sup\u00e9rieure \u00e0 70 kg\/m\u00b3) offre un maintien plus ferme, tandis qu&#8217;une densit\u00e9 plus basse (40 \u00e0 50 kg\/m\u00b3) est plus souple.<br \/>\nHousse de protection : La housse est souvent faite de coton ou de polyester, est parfois amovible pour un entretien facile, et peut \u00eatre con\u00e7ue pour am\u00e9liorer la respirabilit\u00e9 ou la sensation de fra\u00eecheur.<br \/>\nDurabilit\u00e9 : La mousse visco\u00e9lastique est durable et retrouve sa forme, mais certains mod\u00e8les peuvent permettre d&#8217;ajuster la hauteur pour une personnalisation suppl\u00e9mentaire \u00e0 long terme.<br \/>\nEntretien : Ils sont g\u00e9n\u00e9ralement simples \u00e0 nettoyer et \u00e0 s\u00e9cher, et sont une bonne option pour les personnes sujettes aux allergies.<\/p>","protected":false},"featured_media":624,"comment_status":"open","ping_status":"closed","template":"","meta":[],"product_brand":[],"product_cat":[15],"product_tag":[],"class_list":{"0":"post-620","1":"product","2":"type-product","3":"status-publish","4":"has-post-thumbnail","6":"product_cat-uncategorized","8":"first","9":"instock","10":"sold-individually","11":"taxable","12":"shipping-taxable","13":"purchasable","14":"product-type-variable"},"_links":{"self":[{"href":"https:\/\/rois-dz.com\/en\/wp-json\/wp\/v2\/product\/620","targetHints":{"allow":["GET"]}}],"collection":[{"href":"https:\/\/rois-dz.com\/en\/wp-json\/wp\/v2\/product"}],"about":[{"href":"https:\/\/rois-dz.com\/en\/wp-json\/wp\/v2\/types\/product"}],"replies":[{"embeddable":true,"href":"https:\/\/rois-dz.com\/en\/wp-json\/wp\/v2\/comments?post=620"}],"wp:featuredmedia":[{"embeddable":true,"href":"https:\/\/rois-dz.com\/en\/wp-json\/wp\/v2\/media\/624"}],"wp:attachment":[{"href":"https:\/\/rois-dz.com\/en\/wp-json\/wp\/v2\/media?parent=620"}],"wp:term":[{"taxonomy":"product_brand","embeddable":true,"href":"https:\/\/rois-dz.com\/en\/wp-json\/wp\/v2\/product_brand?post=620"},{"taxonomy":"product_cat","embeddable":true,"href":"https:\/\/rois-dz.com\/en\/wp-json\/wp\/v2\/product_cat?post=620"},{"taxonomy":"product_tag","embeddable":true,"href":"https:\/\/rois-dz.com\/en\/wp-json\/wp\/v2\/product_tag?post=620"}],"curies":[{"name":"wp","href":"https:\/\/api.w.org\/{rel}","templated":true}]}}