{"id":611,"date":"2025-10-22T17:23:21","date_gmt":"2025-10-22T17:23:21","guid":{"rendered":"https:\/\/rois-dz.com\/?post_type=product&#038;p=611"},"modified":"2025-10-22T17:23:21","modified_gmt":"2025-10-22T17:23:21","slug":"oreillers-100-fibres-siliconees-indorama","status":"publish","type":"product","link":"https:\/\/rois-dz.com\/en\/product\/oreillers-100-fibres-siliconees-indorama\/","title":{"rendered":"Oreillers 100 % fibres Silicon\u00e9es INDORAMA"},"content":{"rendered":"<p>Garnissage : 100 % fibres Silicon\u00e9es INDORAMA, pour un confort a\u00e9rien et naturellement thermor\u00e9gulant.<\/p>\n<p>Enveloppe : 100 % coton percale, douce et respirante, pour une sensation de fra\u00eecheur continue.<\/p>\n<p>Dimensions : 50&#215;70 cm, format id\u00e9al pour un soutien optimal de la t\u00eate et de la nuque.<\/p>","protected":false},"excerpt":{"rendered":"<p>Garnissage : 100 % fibres Silicon\u00e9es INDORAMA, pour un confort a\u00e9rien et naturellement thermor\u00e9gulant. Enveloppe : 100 % coton percale, douce et respirante, pour une sensation de fra\u00eecheur continue. Dimensions : 50&#215;70 cm, format id\u00e9al pour un soutien optimal de la t\u00eate et de la nuque.<\/p>","protected":false},"featured_media":615,"comment_status":"open","ping_status":"closed","template":"","meta":[],"product_brand":[],"product_cat":[15],"product_tag":[],"class_list":{"0":"post-611","1":"product","2":"type-product","3":"status-publish","4":"has-post-thumbnail","6":"product_cat-uncategorized","8":"first","9":"instock","10":"taxable","11":"shipping-taxable","12":"purchasable","13":"product-type-variable","14":"has-default-attributes"},"_links":{"self":[{"href":"https:\/\/rois-dz.com\/en\/wp-json\/wp\/v2\/product\/611","targetHints":{"allow":["GET"]}}],"collection":[{"href":"https:\/\/rois-dz.com\/en\/wp-json\/wp\/v2\/product"}],"about":[{"href":"https:\/\/rois-dz.com\/en\/wp-json\/wp\/v2\/types\/product"}],"replies":[{"embeddable":true,"href":"https:\/\/rois-dz.com\/en\/wp-json\/wp\/v2\/comments?post=611"}],"wp:featuredmedia":[{"embeddable":true,"href":"https:\/\/rois-dz.com\/en\/wp-json\/wp\/v2\/media\/615"}],"wp:attachment":[{"href":"https:\/\/rois-dz.com\/en\/wp-json\/wp\/v2\/media?parent=611"}],"wp:term":[{"taxonomy":"product_brand","embeddable":true,"href":"https:\/\/rois-dz.com\/en\/wp-json\/wp\/v2\/product_brand?post=611"},{"taxonomy":"product_cat","embeddable":true,"href":"https:\/\/rois-dz.com\/en\/wp-json\/wp\/v2\/product_cat?post=611"},{"taxonomy":"product_tag","embeddable":true,"href":"https:\/\/rois-dz.com\/en\/wp-json\/wp\/v2\/product_tag?post=611"}],"curies":[{"name":"wp","href":"https:\/\/api.w.org\/{rel}","templated":true}]}}