{"id":503,"date":"2025-10-11T13:21:29","date_gmt":"2025-10-11T13:21:29","guid":{"rendered":"https:\/\/rois-dz.com\/?post_type=product&#038;p=503"},"modified":"2025-10-11T13:36:46","modified_gmt":"2025-10-11T13:36:46","slug":"pack-familiale","status":"publish","type":"product","link":"https:\/\/rois-dz.com\/en\/product\/pack-familiale\/","title":{"rendered":"Pack Familiale"},"content":{"rendered":"<p>\ud83e\udd73\ud83c\udf81 \u0627\u0644\u067e\u0627\u0643 \u0627\u0644\u0639\u0627\u0626\u0644\u064a \u0627\u0644\u0623\u0643\u062b\u0631 \u0637\u0644\u0628\u0627<\/p>\n<p>\u0643\u0648\u0627\u062a \u0628\u0644\u0627\u0635\u0629 3<br \/>\n+<br \/>\n\u0643\u0648\u0627\u062a \u0632\u0648\u062c \u0628\u0644\u0627\u064a\u0635<br \/>\n+<br \/>\n5 \u0645\u062e\u0627\u064a\u062f<\/p>\n<p>16500 \u062f\u062c<\/p>\n<p>\u2611\ufe0fProduit 100% avec des fibres creuses silicon\u00e9es Indorama<\/p>\n<p>\u2611\ufe0f Haute qualit\u00e9<br \/>\n\u2611\ufe0f Qualit\u00e9 digne des grands h\u00f4tels 5 \u00e9toiles<br \/>\n\u2611\ufe0f Id\u00e9e de cadeau originale<br \/>\n\u2611\ufe0f Livraison rapide 58 wilaya<\/p>\n<p>\ud83d\ude97\ud83d\ude97\ud83d\ude97<\/p>\n<p>\u2705Tissu Thermor\u00e9gulateur<br \/>\n\u2705L\u00e9g\u00e8re<br \/>\n\u2705 Microfibres silicon\u00e9es<br \/>\n\u2705Anti bact\u00e9rien , anti acarien et Hypoallerg\u00e9nique<\/p>\n<p>Pour une commande<\/p>\n<p>\u27a1\ufe0fAppelez le num\u00e9ro : 0774 18 42 32 \ud83d\udcde\u260e\ufe0f<br \/>\n\u27a1\ufe0fEnvoyer un message priv\u00e9 \ud83d\udce8\u2709\ufe0f<\/p>\n<p>\u0627\u0644\u0623\u0644\u0648\u0627\u0646:<br \/>\n\u0623\u0628\u064a\u0636. \u0631\u0645\u0627\u062f\u064a. \u0648\u0631\u062f\u064a. \u0623\u0632\u0631\u0642. \u0623\u062e\u0636\u0631. \u0623\u0632\u0631\u0642 \u0645\u0644\u0643\u064a. \u0628\u0646\u064a. \u0628\u0627\u062c<br \/>\nBlanc. Biege. Marron. Vert. Bleu nuit. Rose. Gris. Bleu roi<\/p>\n<p>\u0627\u0644\u062a\u0648\u0635\u064a\u0644 \u0645\u062a\u0648\u0641\u0631 \u0641\u064a 58 \u0648\u0644\u0627\u064a\u0629<\/p>","protected":false},"excerpt":{"rendered":"<p>\ud83e\udd73\ud83c\udf81 \u0627\u0644\u067e\u0627\u0643 \u0627\u0644\u0639\u0627\u0626\u0644\u064a \u0627\u0644\u0623\u0643\u062b\u0631 \u0637\u0644\u0628\u0627 \u0643\u0648\u0627\u062a \u0628\u0644\u0627\u0635\u0629 3 + \u0643\u0648\u0627\u062a \u0632\u0648\u062c \u0628\u0644\u0627\u064a\u0635 + 5 \u0645\u062e\u0627\u064a\u062f 16500 \u062f\u062c \u2611\ufe0fProduit 100% avec des fibres creuses silicon\u00e9es Indorama \u2611\ufe0f Haute qualit\u00e9 \u2611\ufe0f Qualit\u00e9 digne des grands h\u00f4tels 5 \u00e9toiles \u2611\ufe0f Id\u00e9e de cadeau originale \u2611\ufe0f Livraison rapide 58 wilaya \ud83d\ude97\ud83d\ude97\ud83d\ude97 \u2705Tissu Thermor\u00e9gulateur \u2705L\u00e9g\u00e8re \u2705 Microfibres silicon\u00e9es \u2705Anti bact\u00e9rien [&hellip;]<\/p>\n","protected":false},"featured_media":505,"comment_status":"open","ping_status":"closed","template":"","meta":[],"product_brand":[],"product_cat":[15],"product_tag":[],"class_list":{"0":"post-503","1":"product","2":"type-product","3":"status-publish","4":"has-post-thumbnail","6":"product_cat-uncategorized","8":"first","9":"instock","10":"sold-individually","11":"taxable","12":"shipping-taxable","13":"purchasable","14":"product-type-variable","15":"has-default-attributes"},"_links":{"self":[{"href":"https:\/\/rois-dz.com\/en\/wp-json\/wp\/v2\/product\/503","targetHints":{"allow":["GET"]}}],"collection":[{"href":"https:\/\/rois-dz.com\/en\/wp-json\/wp\/v2\/product"}],"about":[{"href":"https:\/\/rois-dz.com\/en\/wp-json\/wp\/v2\/types\/product"}],"replies":[{"embeddable":true,"href":"https:\/\/rois-dz.com\/en\/wp-json\/wp\/v2\/comments?post=503"}],"wp:featuredmedia":[{"embeddable":true,"href":"https:\/\/rois-dz.com\/en\/wp-json\/wp\/v2\/media\/505"}],"wp:attachment":[{"href":"https:\/\/rois-dz.com\/en\/wp-json\/wp\/v2\/media?parent=503"}],"wp:term":[{"taxonomy":"product_brand","embeddable":true,"href":"https:\/\/rois-dz.com\/en\/wp-json\/wp\/v2\/product_brand?post=503"},{"taxonomy":"product_cat","embeddable":true,"href":"https:\/\/rois-dz.com\/en\/wp-json\/wp\/v2\/product_cat?post=503"},{"taxonomy":"product_tag","embeddable":true,"href":"https:\/\/rois-dz.com\/en\/wp-json\/wp\/v2\/product_tag?post=503"}],"curies":[{"name":"wp","href":"https:\/\/api.w.org\/{rel}","templated":true}]}}