{"id":240,"date":"2025-09-24T17:47:45","date_gmt":"2025-09-24T17:47:45","guid":{"rendered":"https:\/\/rois-dz.com\/?post_type=product&#038;p=240"},"modified":"2025-09-30T19:06:32","modified_gmt":"2025-09-30T19:06:32","slug":"surmatelas-douceur-supreme-transformez-votre-matelas-en-nid-douillet","status":"publish","type":"product","link":"https:\/\/rois-dz.com\/en\/product\/surmatelas-douceur-supreme-transformez-votre-matelas-en-nid-douillet\/","title":{"rendered":"Surmatelas Douceur Supr\u00eame \u2013 Transformez votre Matelas en Nid Douillet"},"content":{"rendered":"<div class=\"x9f619 x1n2onr6 x1ja2u2z x1wsgfga x9otpla xwib8y2 x1y1aw1k\">\n<div class=\"xb57i2i x1q594ok x5lxg6s x78zum5 xdt5ytf x10wlt62 x1n2onr6 x1ja2u2z x1pq812k xfk6m8 x1yqm8si xjx87ck xw2csxc x7p5m3t x9f619 xat24cr xwib8y2 x1y1aw1k x1rohswg xhfbhpw\">\n<div class=\"x78zum5 x1iyjqo2 x1n2onr6 x1q0g3np\">\n<div class=\"x1c4vz4f x2lah0s xeuugli x1bhewko x10xlvfm x1c9tiao\" data-type=\"hscroll-child\">\n<div class=\"xjkvuk6 x1y1aw1k\"><\/div>\n<\/div>\n<\/div>\n<\/div>\n<\/div>\n<div class=\"x10l6tqk xwa60dl x1d8287x x19991ni xwji4o3 x1vjfegm xg01cxk x47corl\" aria-hidden=\"true\"><\/div>\n<div class=\"x80vd3b x1q0q8m5 xso031l\"><\/div>\n<div><\/div>\n<div>\n<div class=\"xjkvuk6 xuyqlj2 x1odjw0f\">\n<div class=\"xdj266r x14z9mp xat24cr x1lziwak x1vvkbs\">\n<div dir=\"auto\"><span class=\"html-span xexx8yu xyri2b x18d9i69 x1c1uobl x1hl2dhg x16tdsg8 x1vvkbs x3nfvp2 x1j61x8r x1fcty0u xdj266r xat24cr xm2jcoa x1mpyi22 xxymvpz xlup9mm x1kky2od\"><img decoding=\"async\" class=\"xz74otr x15mokao x1ga7v0g x16uus16 xbiv7yw\" src=\"https:\/\/static.xx.fbcdn.net\/images\/emoji.php\/v9\/tb1\/1\/16\/1f6cf.png\" alt=\"\ud83d\udecf\ufe0f\" width=\"16\" height=\"16\" \/><\/span> \u0627\u0644\u0633\u0631\u0645\u0627\u062a\u0631\u0627\u0633 (Surmatelas) \u0647\u0648 \u0627\u0644\u0625\u0636\u0627\u0641\u0629 \u0627\u0644\u0645\u062b\u0627\u0644\u064a\u0629 \u0627\u0644\u062a\u064a \u062a\u0648\u0636\u0639 \u0641\u0648\u0642 \u0627\u0644\u0645\u0631\u062a\u0628\u0629 \u0644\u0632\u064a\u0627\u062f\u0629 \u0631\u0627\u062d\u0629 \u0627\u0644\u0646\u0648\u0645 \u0628\u0634\u0643\u0644 \u0641\u0648\u0631\u064a\u060c \u0643\u0645\u0627 \u064a\u0633\u0627\u0639\u062f \u0639\u0644\u0649 \u062d\u0645\u0627\u064a\u0629 \u0627\u0644\u0645\u0631\u062a\u0628\u0629 \u0648\u0625\u0637\u0627\u0644\u0629 \u0639\u0645\u0631\u0647\u0627.<\/div>\n<div dir=\"auto\">\u0627\u0645\u0646\u062d \u0646\u0641\u0633\u0643 \u0625\u062d\u0633\u0627\u0633\u064b\u0627 \u0628\u0627\u0644\u0646\u0639\u0648\u0645\u0629 \u0648\u0627\u0644\u0627\u062d\u062a\u0636\u0627\u0646 \u0648\u0643\u0623\u0646\u0643 \u0641\u064a \u0639\u0634 \u062f\u0627\u0641\u0626 \u0645\u0639 \u0633\u0631\u0645\u0627\u062a\u0631\u0627\u0633\u0646\u0627 \u0627\u0644\u0645\u0645\u064a\u0632.<\/div>\n<\/div>\n<div class=\"x14z9mp xat24cr x1lziwak x1vvkbs xtlvy1s\">\n<div dir=\"auto\"><span class=\"html-span xexx8yu xyri2b x18d9i69 x1c1uobl x1hl2dhg x16tdsg8 x1vvkbs x3nfvp2 x1j61x8r x1fcty0u xdj266r xat24cr xm2jcoa x1mpyi22 xxymvpz xlup9mm x1kky2od\"><img decoding=\"async\" class=\"xz74otr x15mokao x1ga7v0g x16uus16 xbiv7yw\" src=\"https:\/\/static.xx.fbcdn.net\/images\/emoji.php\/v9\/t6e\/1\/16\/1f534.png\" alt=\"\ud83d\udd34\" width=\"16\" height=\"16\" \/><\/span> \u0627\u0644\u0623\u0628\u0639\u0627\u062f \u0648\u0627\u0644\u0623\u0633\u0639\u0627\u0631 <span class=\"html-span xexx8yu xyri2b x18d9i69 x1c1uobl x1hl2dhg x16tdsg8 x1vvkbs x3nfvp2 x1j61x8r x1fcty0u xdj266r xat24cr xm2jcoa x1mpyi22 xxymvpz xlup9mm x1kky2od\"><img decoding=\"async\" class=\"xz74otr x15mokao x1ga7v0g x16uus16 xbiv7yw\" src=\"https:\/\/static.xx.fbcdn.net\/images\/emoji.php\/v9\/t6e\/1\/16\/1f534.png\" alt=\"\ud83d\udd34\" width=\"16\" height=\"16\" \/><\/span><\/div>\n<div dir=\"auto\"><span class=\"html-span xexx8yu xyri2b x18d9i69 x1c1uobl x1hl2dhg x16tdsg8 x1vvkbs x3nfvp2 x1j61x8r x1fcty0u xdj266r xat24cr xm2jcoa x1mpyi22 xxymvpz xlup9mm x1kky2od\"><img decoding=\"async\" class=\"xz74otr x15mokao x1ga7v0g x16uus16 xbiv7yw\" src=\"https:\/\/static.xx.fbcdn.net\/images\/emoji.php\/v9\/t33\/1\/16\/2705.png\" alt=\"\u2705\" width=\"16\" height=\"16\" \/><\/span> 70\u00d7190 <span class=\"html-span xexx8yu xyri2b x18d9i69 x1c1uobl x1hl2dhg x16tdsg8 x1vvkbs x3nfvp2 x1j61x8r x1fcty0u xdj266r xat24cr xm2jcoa x1mpyi22 xxymvpz xlup9mm x1kky2od\"><img loading=\"lazy\" decoding=\"async\" class=\"xz74otr x15mokao x1ga7v0g x16uus16 xbiv7yw\" src=\"https:\/\/static.xx.fbcdn.net\/images\/emoji.php\/v9\/t9e\/1\/16\/27a1.png\" alt=\"\u27a1\ufe0f\" width=\"16\" height=\"16\" \/><\/span> 5600 \u062f\u062c (\u0645\u0639 \u0648\u0633\u0627\u062f\u0629 \u0645\u062c\u0627\u0646\u064a\u0629)<\/div>\n<div dir=\"auto\"><span class=\"html-span xexx8yu xyri2b x18d9i69 x1c1uobl x1hl2dhg x16tdsg8 x1vvkbs x3nfvp2 x1j61x8r x1fcty0u xdj266r xat24cr xm2jcoa x1mpyi22 xxymvpz xlup9mm x1kky2od\"><img decoding=\"async\" class=\"xz74otr x15mokao x1ga7v0g x16uus16 xbiv7yw\" src=\"https:\/\/static.xx.fbcdn.net\/images\/emoji.php\/v9\/t33\/1\/16\/2705.png\" alt=\"\u2705\" width=\"16\" height=\"16\" \/><\/span> 80\u00d7190 <span class=\"html-span xexx8yu xyri2b x18d9i69 x1c1uobl x1hl2dhg x16tdsg8 x1vvkbs x3nfvp2 x1j61x8r x1fcty0u xdj266r xat24cr xm2jcoa x1mpyi22 xxymvpz xlup9mm x1kky2od\"><img loading=\"lazy\" decoding=\"async\" class=\"xz74otr x15mokao x1ga7v0g x16uus16 xbiv7yw\" src=\"https:\/\/static.xx.fbcdn.net\/images\/emoji.php\/v9\/t9e\/1\/16\/27a1.png\" alt=\"\u27a1\ufe0f\" width=\"16\" height=\"16\" \/><\/span> 6000 \u062f\u062c (\u0645\u0639 \u0648\u0633\u0627\u062f\u0629 \u0645\u062c\u0627\u0646\u064a\u0629)<\/div>\n<div dir=\"auto\"><span class=\"html-span xexx8yu xyri2b x18d9i69 x1c1uobl x1hl2dhg x16tdsg8 x1vvkbs x3nfvp2 x1j61x8r x1fcty0u xdj266r xat24cr xm2jcoa x1mpyi22 xxymvpz xlup9mm x1kky2od\"><img decoding=\"async\" class=\"xz74otr x15mokao x1ga7v0g x16uus16 xbiv7yw\" src=\"https:\/\/static.xx.fbcdn.net\/images\/emoji.php\/v9\/t33\/1\/16\/2705.png\" alt=\"\u2705\" width=\"16\" height=\"16\" \/><\/span> 90\u00d7190 <span class=\"html-span xexx8yu xyri2b x18d9i69 x1c1uobl x1hl2dhg x16tdsg8 x1vvkbs x3nfvp2 x1j61x8r x1fcty0u xdj266r xat24cr xm2jcoa x1mpyi22 xxymvpz xlup9mm x1kky2od\"><img loading=\"lazy\" decoding=\"async\" class=\"xz74otr x15mokao x1ga7v0g x16uus16 xbiv7yw\" src=\"https:\/\/static.xx.fbcdn.net\/images\/emoji.php\/v9\/t9e\/1\/16\/27a1.png\" alt=\"\u27a1\ufe0f\" width=\"16\" height=\"16\" \/><\/span> 6500 \u062f\u062c (\u0645\u0639 \u0648\u0633\u0627\u062f\u0629 \u0645\u062c\u0627\u0646\u064a\u0629)<\/div>\n<div dir=\"auto\"><span class=\"html-span xexx8yu xyri2b x18d9i69 x1c1uobl x1hl2dhg x16tdsg8 x1vvkbs x3nfvp2 x1j61x8r x1fcty0u xdj266r xat24cr xm2jcoa x1mpyi22 xxymvpz xlup9mm x1kky2od\"><img decoding=\"async\" class=\"xz74otr x15mokao x1ga7v0g x16uus16 xbiv7yw\" src=\"https:\/\/static.xx.fbcdn.net\/images\/emoji.php\/v9\/t33\/1\/16\/2705.png\" alt=\"\u2705\" width=\"16\" height=\"16\" \/><\/span> 120\u00d7190 <span class=\"html-span xexx8yu xyri2b x18d9i69 x1c1uobl x1hl2dhg x16tdsg8 x1vvkbs x3nfvp2 x1j61x8r x1fcty0u xdj266r xat24cr xm2jcoa x1mpyi22 xxymvpz xlup9mm x1kky2od\"><img loading=\"lazy\" decoding=\"async\" class=\"xz74otr x15mokao x1ga7v0g x16uus16 xbiv7yw\" src=\"https:\/\/static.xx.fbcdn.net\/images\/emoji.php\/v9\/t9e\/1\/16\/27a1.png\" alt=\"\u27a1\ufe0f\" width=\"16\" height=\"16\" \/><\/span> 8500 \u062f\u062c (\u0645\u0639 \u0648\u0633\u0627\u062f\u0629 \u0645\u062c\u0627\u0646\u064a\u0629)<\/div>\n<div dir=\"auto\"><span class=\"html-span xexx8yu xyri2b x18d9i69 x1c1uobl x1hl2dhg x16tdsg8 x1vvkbs x3nfvp2 x1j61x8r x1fcty0u xdj266r xat24cr xm2jcoa x1mpyi22 xxymvpz xlup9mm x1kky2od\"><img decoding=\"async\" class=\"xz74otr x15mokao x1ga7v0g x16uus16 xbiv7yw\" src=\"https:\/\/static.xx.fbcdn.net\/images\/emoji.php\/v9\/t33\/1\/16\/2705.png\" alt=\"\u2705\" width=\"16\" height=\"16\" \/><\/span> 140\u00d7190 <span class=\"html-span xexx8yu xyri2b x18d9i69 x1c1uobl x1hl2dhg x16tdsg8 x1vvkbs x3nfvp2 x1j61x8r x1fcty0u xdj266r xat24cr xm2jcoa x1mpyi22 xxymvpz xlup9mm x1kky2od\"><img loading=\"lazy\" decoding=\"async\" class=\"xz74otr x15mokao x1ga7v0g x16uus16 xbiv7yw\" src=\"https:\/\/static.xx.fbcdn.net\/images\/emoji.php\/v9\/t9e\/1\/16\/27a1.png\" alt=\"\u27a1\ufe0f\" width=\"16\" height=\"16\" \/><\/span> 9500 \u062f\u062c (\u0645\u0639 \u0648\u0633\u0627\u062f\u062a\u064a\u0646 \u0645\u062c\u0627\u0646\u064b\u0627)<\/div>\n<div dir=\"auto\"><span class=\"html-span xexx8yu xyri2b x18d9i69 x1c1uobl x1hl2dhg x16tdsg8 x1vvkbs x3nfvp2 x1j61x8r x1fcty0u xdj266r xat24cr xm2jcoa x1mpyi22 xxymvpz xlup9mm x1kky2od\"><img decoding=\"async\" class=\"xz74otr x15mokao x1ga7v0g x16uus16 xbiv7yw\" src=\"https:\/\/static.xx.fbcdn.net\/images\/emoji.php\/v9\/t33\/1\/16\/2705.png\" alt=\"\u2705\" width=\"16\" height=\"16\" \/><\/span> 160\u00d7190 <span class=\"html-span xexx8yu xyri2b x18d9i69 x1c1uobl x1hl2dhg x16tdsg8 x1vvkbs x3nfvp2 x1j61x8r x1fcty0u xdj266r xat24cr xm2jcoa x1mpyi22 xxymvpz xlup9mm x1kky2od\"><img loading=\"lazy\" decoding=\"async\" class=\"xz74otr x15mokao x1ga7v0g x16uus16 xbiv7yw\" src=\"https:\/\/static.xx.fbcdn.net\/images\/emoji.php\/v9\/t9e\/1\/16\/27a1.png\" alt=\"\u27a1\ufe0f\" width=\"16\" height=\"16\" \/><\/span> 10.000 \u062f\u062c (\u0645\u0639 \u0648\u0633\u0627\u062f\u062a\u064a\u0646 \u0645\u062c\u0627\u0646\u064b\u0627)<\/div>\n<div dir=\"auto\"><span class=\"html-span xexx8yu xyri2b x18d9i69 x1c1uobl x1hl2dhg x16tdsg8 x1vvkbs x3nfvp2 x1j61x8r x1fcty0u xdj266r xat24cr xm2jcoa x1mpyi22 xxymvpz xlup9mm x1kky2od\"><img decoding=\"async\" class=\"xz74otr x15mokao x1ga7v0g x16uus16 xbiv7yw\" src=\"https:\/\/static.xx.fbcdn.net\/images\/emoji.php\/v9\/t33\/1\/16\/2705.png\" alt=\"\u2705\" width=\"16\" height=\"16\" \/><\/span> 160\u00d7200 <span class=\"html-span xexx8yu xyri2b x18d9i69 x1c1uobl x1hl2dhg x16tdsg8 x1vvkbs x3nfvp2 x1j61x8r x1fcty0u xdj266r xat24cr xm2jcoa x1mpyi22 xxymvpz xlup9mm x1kky2od\"><img loading=\"lazy\" decoding=\"async\" class=\"xz74otr x15mokao x1ga7v0g x16uus16 xbiv7yw\" src=\"https:\/\/static.xx.fbcdn.net\/images\/emoji.php\/v9\/t9e\/1\/16\/27a1.png\" alt=\"\u27a1\ufe0f\" width=\"16\" height=\"16\" \/><\/span> 10.500 \u062f\u062c (\u0645\u0639 \u0648\u0633\u0627\u062f\u062a\u064a\u0646 \u0645\u062c\u0627\u0646\u064b\u0627)<\/div>\n<div dir=\"auto\"><span class=\"html-span xexx8yu xyri2b x18d9i69 x1c1uobl x1hl2dhg x16tdsg8 x1vvkbs x3nfvp2 x1j61x8r x1fcty0u xdj266r xat24cr xm2jcoa x1mpyi22 xxymvpz xlup9mm x1kky2od\"><img decoding=\"async\" class=\"xz74otr x15mokao x1ga7v0g x16uus16 xbiv7yw\" src=\"https:\/\/static.xx.fbcdn.net\/images\/emoji.php\/v9\/t33\/1\/16\/2705.png\" alt=\"\u2705\" width=\"16\" height=\"16\" \/><\/span> 180\u00d7200 <span class=\"html-span xexx8yu xyri2b x18d9i69 x1c1uobl x1hl2dhg x16tdsg8 x1vvkbs x3nfvp2 x1j61x8r x1fcty0u xdj266r xat24cr xm2jcoa x1mpyi22 xxymvpz xlup9mm x1kky2od\"><img loading=\"lazy\" decoding=\"async\" class=\"xz74otr x15mokao x1ga7v0g x16uus16 xbiv7yw\" src=\"https:\/\/static.xx.fbcdn.net\/images\/emoji.php\/v9\/t9e\/1\/16\/27a1.png\" alt=\"\u27a1\ufe0f\" width=\"16\" height=\"16\" \/><\/span> 11.500 \u062f\u062c (\u0645\u0639 \u0648\u0633\u0627\u062f\u062a\u064a\u0646 \u0645\u062c\u0627\u0646\u064b\u0627)<\/div>\n<div dir=\"auto\"><span class=\"html-span xexx8yu xyri2b x18d9i69 x1c1uobl x1hl2dhg x16tdsg8 x1vvkbs x3nfvp2 x1j61x8r x1fcty0u xdj266r xat24cr xm2jcoa x1mpyi22 xxymvpz xlup9mm x1kky2od\"><img decoding=\"async\" class=\"xz74otr x15mokao x1ga7v0g x16uus16 xbiv7yw\" src=\"https:\/\/static.xx.fbcdn.net\/images\/emoji.php\/v9\/t33\/1\/16\/2705.png\" alt=\"\u2705\" width=\"16\" height=\"16\" \/><\/span> 200\u00d7200 <span class=\"html-span xexx8yu xyri2b x18d9i69 x1c1uobl x1hl2dhg x16tdsg8 x1vvkbs x3nfvp2 x1j61x8r x1fcty0u xdj266r xat24cr xm2jcoa x1mpyi22 xxymvpz xlup9mm x1kky2od\"><img loading=\"lazy\" decoding=\"async\" class=\"xz74otr x15mokao x1ga7v0g x16uus16 xbiv7yw\" src=\"https:\/\/static.xx.fbcdn.net\/images\/emoji.php\/v9\/t9e\/1\/16\/27a1.png\" alt=\"\u27a1\ufe0f\" width=\"16\" height=\"16\" \/><\/span> 12.000 \u062f\u062c (\u0645\u0639 \u0648\u0633\u0627\u062f\u062a\u064a\u0646 \u0645\u062c\u0627\u0646\u064b\u0627)<\/div>\n<\/div>\n<div class=\"x14z9mp xat24cr x1lziwak x1vvkbs xtlvy1s\">\n<div dir=\"auto\"><span class=\"html-span xexx8yu xyri2b x18d9i69 x1c1uobl x1hl2dhg x16tdsg8 x1vvkbs x3nfvp2 x1j61x8r x1fcty0u xdj266r xat24cr xm2jcoa x1mpyi22 xxymvpz xlup9mm x1kky2od\"><img loading=\"lazy\" decoding=\"async\" class=\"xz74otr x15mokao x1ga7v0g x16uus16 xbiv7yw\" src=\"https:\/\/static.xx.fbcdn.net\/images\/emoji.php\/v9\/t22\/1\/16\/260e.png\" alt=\"\u260e\ufe0f\" width=\"16\" height=\"16\" \/><\/span>0774 18 42 32 <span class=\"html-span xexx8yu xyri2b x18d9i69 x1c1uobl x1hl2dhg x16tdsg8 x1vvkbs x3nfvp2 x1j61x8r x1fcty0u xdj266r xat24cr xm2jcoa x1mpyi22 xxymvpz xlup9mm x1kky2od\"><img loading=\"lazy\" decoding=\"async\" class=\"xz74otr x15mokao x1ga7v0g x16uus16 xbiv7yw\" src=\"https:\/\/static.xx.fbcdn.net\/images\/emoji.php\/v9\/t22\/1\/16\/260e.png\" alt=\"\u260e\ufe0f\" width=\"16\" height=\"16\" \/><\/span><\/div>\n<\/div>\n<div class=\"x14z9mp xat24cr x1lziwak x1vvkbs xtlvy1s\">\n<div dir=\"auto\"><span class=\"html-span xexx8yu xyri2b x18d9i69 x1c1uobl x1hl2dhg x16tdsg8 x1vvkbs x3nfvp2 x1j61x8r x1fcty0u xdj266r xat24cr xm2jcoa x1mpyi22 xxymvpz xlup9mm x1kky2od\"><img loading=\"lazy\" decoding=\"async\" class=\"xz74otr x15mokao x1ga7v0g x16uus16 xbiv7yw\" src=\"https:\/\/static.xx.fbcdn.net\/images\/emoji.php\/v9\/t82\/1\/16\/1f3a8.png\" alt=\"\ud83c\udfa8\" width=\"16\" height=\"16\" \/><\/span> \u0627\u0644\u0623\u0644\u0648\u0627\u0646 \u0627\u0644\u0645\u062a\u0648\u0641\u0631\u0629 :<\/div>\n<div dir=\"auto\">\u0623\u0628\u064a\u0636=<\/div>\n<div dir=\"auto\">\u0628\u064a\u062c=<\/div>\n<div dir=\"auto\">\u0631\u0645\u0627\u062f\u064a=<\/div>\n<\/div>\n<\/div>\n<\/div>\n<p>Un surmatelas est un accessoire qui va venir compl\u00e9ter un matelas, son utilisation augmentera imm\u00e9diatement votre confort de sommeil<br \/>\nIl permet \u00e9galement de prot\u00e9ger et de prolonger la dur\u00e9e de vie de votre matelas<\/p>\n<p>Am\u00e9liorer grandement le confort de votre literie en ajoutant un suppl\u00e9ment de moelleux qui donne au corps la sensation d&#8217;\u00eatre envelopp\u00e9 dans un nid douillet, gr\u00e2ce \u00e0 notre surmatelas.<\/p>\n<p>\ud83d\udd34Dimension. \ud83d\udd34 Prix<\/p>\n<p>\u2705 70\/190: \u27a1\ufe0f 5600 Da<br \/>\nplus une oreiller offert<\/p>\n<p>\u2705 80\/190: \u27a1\ufe0f 6000 Da<br \/>\nplus une oreiller offert<\/p>\n<p>\u270590\/190: \u27a1\ufe0f 6500 Da<br \/>\nPlus une oreiller offert<\/p>\n<p>\u2705120\/190: \u27a1\ufe0f 8500 Da<br \/>\nPlus une oreiller offert<\/p>\n<p>\u2705140\/190: \u27a1\ufe0f 9500 Da<br \/>\nPlus deux oreillers offert<\/p>\n<p>\u2705160\/190: \u27a1\ufe0f 10 000 Da<br \/>\nPlus deux oreillers offert<\/p>\n<p>\u2705 160\/200: \u27a1\ufe0f 10 500 Da<br \/>\nPlus deux oreillers offert<\/p>\n<p>\u2705180\/200 : \u27a1\ufe0f 11 500 Da<br \/>\nPlus deux oreillers offert<\/p>\n<p>\u2705 200\/200: \u27a1\ufe0f 12 000 Da<br \/>\nPlus deux oreillers offert<\/p>","protected":false},"excerpt":{"rendered":"<p>\u0627\u0644\u0633\u0631\u0645\u0627\u062a\u0631\u0627\u0633 (Surmatelas) \u0647\u0648 \u0627\u0644\u0625\u0636\u0627\u0641\u0629 \u0627\u0644\u0645\u062b\u0627\u0644\u064a\u0629 \u0627\u0644\u062a\u064a \u062a\u0648\u0636\u0639 \u0641\u0648\u0642 \u0627\u0644\u0645\u0631\u062a\u0628\u0629 \u0644\u0632\u064a\u0627\u062f\u0629 \u0631\u0627\u062d\u0629 \u0627\u0644\u0646\u0648\u0645 \u0628\u0634\u0643\u0644 \u0641\u0648\u0631\u064a\u060c \u0643\u0645\u0627 \u064a\u0633\u0627\u0639\u062f \u0639\u0644\u0649 \u062d\u0645\u0627\u064a\u0629 \u0627\u0644\u0645\u0631\u062a\u0628\u0629 \u0648\u0625\u0637\u0627\u0644\u0629 \u0639\u0645\u0631\u0647\u0627. \u0627\u0645\u0646\u062d \u0646\u0641\u0633\u0643 \u0625\u062d\u0633\u0627\u0633\u064b\u0627 \u0628\u0627\u0644\u0646\u0639\u0648\u0645\u0629 \u0648\u0627\u0644\u0627\u062d\u062a\u0636\u0627\u0646 \u0648\u0643\u0623\u0646\u0643 \u0641\u064a \u0639\u0634 \u062f\u0627\u0641\u0626 \u0645\u0639 \u0633\u0631\u0645\u0627\u062a\u0631\u0627\u0633\u0646\u0627 \u0627\u0644\u0645\u0645\u064a\u0632. \u0627\u0644\u0623\u0628\u0639\u0627\u062f \u0648\u0627\u0644\u0623\u0633\u0639\u0627\u0631 70\u00d7190 5600 \u062f\u062c (\u0645\u0639 \u0648\u0633\u0627\u062f\u0629 \u0645\u062c\u0627\u0646\u064a\u0629) 80\u00d7190 6000 \u062f\u062c (\u0645\u0639 \u0648\u0633\u0627\u062f\u0629 \u0645\u062c\u0627\u0646\u064a\u0629) 90\u00d7190 6500 \u062f\u062c (\u0645\u0639 \u0648\u0633\u0627\u062f\u0629 \u0645\u062c\u0627\u0646\u064a\u0629) 120\u00d7190 8500 [&hellip;]<\/p>\n","protected":false},"featured_media":312,"comment_status":"open","ping_status":"closed","template":"","meta":[],"product_brand":[],"product_cat":[15],"product_tag":[],"class_list":{"0":"post-240","1":"product","2":"type-product","3":"status-publish","4":"has-post-thumbnail","6":"product_cat-uncategorized","8":"first","9":"instock","10":"taxable","11":"shipping-taxable","12":"purchasable","13":"product-type-variable","14":"has-default-attributes"},"_links":{"self":[{"href":"https:\/\/rois-dz.com\/en\/wp-json\/wp\/v2\/product\/240","targetHints":{"allow":["GET"]}}],"collection":[{"href":"https:\/\/rois-dz.com\/en\/wp-json\/wp\/v2\/product"}],"about":[{"href":"https:\/\/rois-dz.com\/en\/wp-json\/wp\/v2\/types\/product"}],"replies":[{"embeddable":true,"href":"https:\/\/rois-dz.com\/en\/wp-json\/wp\/v2\/comments?post=240"}],"wp:featuredmedia":[{"embeddable":true,"href":"https:\/\/rois-dz.com\/en\/wp-json\/wp\/v2\/media\/312"}],"wp:attachment":[{"href":"https:\/\/rois-dz.com\/en\/wp-json\/wp\/v2\/media?parent=240"}],"wp:term":[{"taxonomy":"product_brand","embeddable":true,"href":"https:\/\/rois-dz.com\/en\/wp-json\/wp\/v2\/product_brand?post=240"},{"taxonomy":"product_cat","embeddable":true,"href":"https:\/\/rois-dz.com\/en\/wp-json\/wp\/v2\/product_cat?post=240"},{"taxonomy":"product_tag","embeddable":true,"href":"https:\/\/rois-dz.com\/en\/wp-json\/wp\/v2\/product_tag?post=240"}],"curies":[{"name":"wp","href":"https:\/\/api.w.org\/{rel}","templated":true}]}}