{"id":231,"date":"2025-09-24T17:04:45","date_gmt":"2025-09-24T17:04:45","guid":{"rendered":"https:\/\/rois-dz.com\/?post_type=product&#038;p=231"},"modified":"2025-09-30T18:56:49","modified_gmt":"2025-09-30T18:56:49","slug":"protege-matelas-impermeable-micro-respirante","status":"publish","type":"product","link":"https:\/\/rois-dz.com\/en\/product\/protege-matelas-impermeable-micro-respirante\/","title":{"rendered":"Prot\u00e8ge matelas imperm\u00e9able micro-respirante"},"content":{"rendered":"<div class=\"xdj266r x14z9mp xat24cr x1lziwak x1vvkbs\">\n<div dir=\"auto\">\u062d\u0627\u0645\u064a \u0627\u0644\u0645\u0631\u062a\u0628\u0629 \u0636\u062f \u0627\u0644\u0645\u0627\u0621 (Prot\u00e8ge Matelas Imperm\u00e9able)<\/div>\n<div dir=\"auto\">\u0645\u0631\u0646 \u2013 \u0642\u0627\u0628\u0644 \u0644\u0644\u062a\u0645\u062f\u062f \u062d\u062a\u0649 30 \u0633\u0645 \u2013 \u0646\u0627\u0639\u0645 \u0648\u0635\u0627\u0645\u062a \u2013 \u064a\u0636\u0645\u0646 \u0644\u0643 \u0646\u0648\u0645 \u0647\u0627\u062f\u0626 \u0648\u0645\u0631\u062a\u0627\u062d.<\/div>\n<\/div>\n<div class=\"x14z9mp xat24cr x1lziwak x1vvkbs xtlvy1s\">\n<div dir=\"auto\"><span class=\"html-span xexx8yu xyri2b x18d9i69 x1c1uobl x1hl2dhg x16tdsg8 x1vvkbs x3nfvp2 x1j61x8r x1fcty0u xdj266r xat24cr xm2jcoa x1mpyi22 xxymvpz xlup9mm x1kky2od\"><img decoding=\"async\" class=\"xz74otr x15mokao x1ga7v0g x16uus16 xbiv7yw\" src=\"https:\/\/static.xx.fbcdn.net\/images\/emoji.php\/v9\/tf4\/1\/16\/2728.png\" alt=\"\u2728\" width=\"16\" height=\"16\" \/><\/span> \u0645\u0645\u064a\u0632\u0627\u062a \u062d\u0627\u0645\u064a \u0627\u0644\u0645\u0631\u062a\u0628\u0629:<\/div>\n<div dir=\"auto\"><span class=\"html-span xexx8yu xyri2b x18d9i69 x1c1uobl x1hl2dhg x16tdsg8 x1vvkbs x3nfvp2 x1j61x8r x1fcty0u xdj266r xat24cr xm2jcoa x1mpyi22 xxymvpz xlup9mm x1kky2od\"><img decoding=\"async\" class=\"xz74otr x15mokao x1ga7v0g x16uus16 xbiv7yw\" src=\"https:\/\/static.xx.fbcdn.net\/images\/emoji.php\/v9\/t51\/1\/16\/2714.png\" alt=\"\u2714\ufe0f\" width=\"16\" height=\"16\" \/><\/span> \u062d\u0645\u0627\u064a\u0629 \u0641\u0639\u0651\u0627\u0644\u0629 \u0648\u0637\u0648\u064a\u0644\u0629 dur\u00e9e<\/div>\n<div dir=\"auto\"><span class=\"html-span xexx8yu xyri2b x18d9i69 x1c1uobl x1hl2dhg x16tdsg8 x1vvkbs x3nfvp2 x1j61x8r x1fcty0u xdj266r xat24cr xm2jcoa x1mpyi22 xxymvpz xlup9mm x1kky2od\"><img decoding=\"async\" class=\"xz74otr x15mokao x1ga7v0g x16uus16 xbiv7yw\" src=\"https:\/\/static.xx.fbcdn.net\/images\/emoji.php\/v9\/t51\/1\/16\/2714.png\" alt=\"\u2714\ufe0f\" width=\"16\" height=\"16\" \/><\/span> \u062d\u0627\u062c\u0632 \u062d\u0642\u064a\u0642\u064a \u0636\u062f \u0627\u0644\u0631\u0637\u0648\u0628\u0629 \u0648\u0627\u0644\u0645\u0627\u0621<\/div>\n<div dir=\"auto\"><span class=\"html-span xexx8yu xyri2b x18d9i69 x1c1uobl x1hl2dhg x16tdsg8 x1vvkbs x3nfvp2 x1j61x8r x1fcty0u xdj266r xat24cr xm2jcoa x1mpyi22 xxymvpz xlup9mm x1kky2od\"><img decoding=\"async\" class=\"xz74otr x15mokao x1ga7v0g x16uus16 xbiv7yw\" src=\"https:\/\/static.xx.fbcdn.net\/images\/emoji.php\/v9\/t51\/1\/16\/2714.png\" alt=\"\u2714\ufe0f\" width=\"16\" height=\"16\" \/><\/span> \u0642\u0645\u0627\u0634 \u0645\u0631\u0646 \u0648\u0646\u0627\u0639\u0645 \u0648\u0635\u0627\u0645\u062a \u0644\u0631\u0627\u062d\u0629 \u062a\u0627\u0645\u0629<\/div>\n<div dir=\"auto\"><span class=\"html-span xexx8yu xyri2b x18d9i69 x1c1uobl x1hl2dhg x16tdsg8 x1vvkbs x3nfvp2 x1j61x8r x1fcty0u xdj266r xat24cr xm2jcoa x1mpyi22 xxymvpz xlup9mm x1kky2od\"><img decoding=\"async\" class=\"xz74otr x15mokao x1ga7v0g x16uus16 xbiv7yw\" src=\"https:\/\/static.xx.fbcdn.net\/images\/emoji.php\/v9\/t51\/1\/16\/2714.png\" alt=\"\u2714\ufe0f\" width=\"16\" height=\"16\" \/><\/span> \u062a\u062b\u0628\u064a\u062a \u0645\u062b\u0627\u0644\u064a \u0644\u0627 \u064a\u062a\u062d\u0631\u0643<\/div>\n<div dir=\"auto\"><span class=\"html-span xexx8yu xyri2b x18d9i69 x1c1uobl x1hl2dhg x16tdsg8 x1vvkbs x3nfvp2 x1j61x8r x1fcty0u xdj266r xat24cr xm2jcoa x1mpyi22 xxymvpz xlup9mm x1kky2od\"><img decoding=\"async\" class=\"xz74otr x15mokao x1ga7v0g x16uus16 xbiv7yw\" src=\"https:\/\/static.xx.fbcdn.net\/images\/emoji.php\/v9\/t51\/1\/16\/2714.png\" alt=\"\u2714\ufe0f\" width=\"16\" height=\"16\" \/><\/span> \u0646\u0638\u0627\u0641\u0629 \u0645\u0645\u062a\u0627\u0632\u0629 \u0645\u0639 \u0633\u0647\u0648\u0644\u0629 \u0641\u064a \u0627\u0644\u063a\u0633\u0644 \u0648\u0627\u0644\u0635\u064a\u0627\u0646\u0629<\/div>\n<\/div>\n<div class=\"x14z9mp xat24cr x1lziwak x1vvkbs xtlvy1s\">\n<div dir=\"auto\"><span class=\"html-span xexx8yu xyri2b x18d9i69 x1c1uobl x1hl2dhg x16tdsg8 x1vvkbs x3nfvp2 x1j61x8r x1fcty0u xdj266r xat24cr xm2jcoa x1mpyi22 xxymvpz xlup9mm x1kky2od\"><img decoding=\"async\" class=\"xz74otr x15mokao x1ga7v0g x16uus16 xbiv7yw\" src=\"https:\/\/static.xx.fbcdn.net\/images\/emoji.php\/v9\/ta0\/1\/16\/1f9f5.png\" alt=\"\ud83e\uddf5\" width=\"16\" height=\"16\" \/><\/span> \u0645\u0643\u0648\u0646\u0627\u062a \u0627\u0644\u062d\u0645\u0627\u064a\u0629 :<\/div>\n<\/div>\n<div class=\"x14z9mp xat24cr x1lziwak x1vvkbs xtlvy1s\">\n<div dir=\"auto\">\u0627\u0644\u063a\u0637\u0627\u0621 \u0627\u0644\u0639\u0644\u0648\u064a : %100 \u0628\u0648\u0644\u064a\u0633\u062a\u0631<\/div>\n<\/div>\n<div class=\"x14z9mp xat24cr x1lziwak x1vvkbs xtlvy1s\">\n<div dir=\"auto\">\u0627\u0644\u063a\u0637\u0627\u0621 \u0627\u0644\u0633\u0641\u0644\u064a : \u0628\u0648\u0644\u064a \u064a\u0648\u0631\u064a\u062b\u0627\u0646 (Polyur\u00e9thane)<\/div>\n<\/div>\n<div class=\"x14z9mp xat24cr x1lziwak x1vvkbs xtlvy1s\">\n<div dir=\"auto\">\u0627\u0644\u062c\u0648\u0627\u0646\u0628 : %100 \u0628\u0648\u0644\u064a\u0633\u062a\u0631<\/div>\n<\/div>\n<div class=\"x14z9mp xat24cr x1lziwak x1vvkbs xtlvy1s\">\n<div dir=\"auto\">&#8212;<\/div>\n<\/div>\n<p>Prot\u00e8ge matelas imperm\u00e9able micro-respirante souple silencieuse. Extensible jusqu&#8217;\u00e0 30 cm.<\/p>\n<p>protections de matelas !<\/p>\n<p>Le prot\u00e8ge matelas imperm\u00e9able, c\u2019est :<\/p>\n<p>une protection efficace ;<\/p>\n<p>une v\u00e9ritable barri\u00e8re contre l\u2019humidit\u00e9 ;<\/p>\n<p>une mati\u00e8re souple et silencieuse pour des nuits paisibles ;<\/p>\n<p>un maintien parfait ;<\/p>\n<p>une hygi\u00e8ne impeccable gr\u00e2ce \u00e0 un entretien tr\u00e8s facile.<\/p>\n<p>Protection laiterie.<br \/>\nProtections imperm\u00e9able.<\/p>\n<p>Composition protection literie:<\/p>\n<p>housse dessus: 100% polyester<br \/>\nhousse dessous: Polyur\u00e9thane<br \/>\nCot\u00e9 : 100% polyester.<\/p>\n<p>Prix. Dimension :<\/p>\n<p>\ud83d\uded1 70\/190. \u27a1\ufe0f 2600 Da<br \/>\n\ud83d\uded1 80\/190. \u27a1\ufe0f 2800 Da<br \/>\n\ud83d\uded1. 90\/190. \u27a1\ufe0f 3000 Da<br \/>\n\ud83d\uded1. 120\/190.\u27a1\ufe0f 3400 Da<br \/>\n\ud83d\uded1. 140\/190. \u27a1\ufe0f 3600 Da<br \/>\n\ud83d\uded1. 160\/190.\u27a1\ufe0f 3700 Da<br \/>\n\ud83d\uded1. 180\/200. \u27a1\ufe0f 3800 Da<br \/>\n\ud83d\uded1. 200\/200. \u27a1\ufe0f 4000 Da<\/p>\n<p>\u26a0\ufe0fDeux prot\u00e8ge matelas acheter deux oreillers offert \ud83c\udf81\ud83c\udf81<\/p>","protected":false},"excerpt":{"rendered":"<p>\u062d\u0627\u0645\u064a \u0627\u0644\u0645\u0631\u062a\u0628\u0629 \u0636\u062f \u0627\u0644\u0645\u0627\u0621 (Prot\u00e8ge Matelas Imperm\u00e9able) \u0645\u0631\u0646 \u2013 \u0642\u0627\u0628\u0644 \u0644\u0644\u062a\u0645\u062f\u062f \u062d\u062a\u0649 30 \u0633\u0645 \u2013 \u0646\u0627\u0639\u0645 \u0648\u0635\u0627\u0645\u062a \u2013 \u064a\u0636\u0645\u0646 \u0644\u0643 \u0646\u0648\u0645 \u0647\u0627\u062f\u0626 \u0648\u0645\u0631\u062a\u0627\u062d. \u0645\u0645\u064a\u0632\u0627\u062a \u062d\u0627\u0645\u064a \u0627\u0644\u0645\u0631\u062a\u0628\u0629: \u062d\u0645\u0627\u064a\u0629 \u0641\u0639\u0651\u0627\u0644\u0629 \u0648\u0637\u0648\u064a\u0644\u0629 dur\u00e9e \u062d\u0627\u062c\u0632 \u062d\u0642\u064a\u0642\u064a \u0636\u062f \u0627\u0644\u0631\u0637\u0648\u0628\u0629 \u0648\u0627\u0644\u0645\u0627\u0621 \u0642\u0645\u0627\u0634 \u0645\u0631\u0646 \u0648\u0646\u0627\u0639\u0645 \u0648\u0635\u0627\u0645\u062a \u0644\u0631\u0627\u062d\u0629 \u062a\u0627\u0645\u0629 \u062a\u062b\u0628\u064a\u062a \u0645\u062b\u0627\u0644\u064a \u0644\u0627 \u064a\u062a\u062d\u0631\u0643 \u0646\u0638\u0627\u0641\u0629 \u0645\u0645\u062a\u0627\u0632\u0629 \u0645\u0639 \u0633\u0647\u0648\u0644\u0629 \u0641\u064a \u0627\u0644\u063a\u0633\u0644 \u0648\u0627\u0644\u0635\u064a\u0627\u0646\u0629 \u0645\u0643\u0648\u0646\u0627\u062a \u0627\u0644\u062d\u0645\u0627\u064a\u0629 : [&hellip;]<\/p>\n","protected":false},"featured_media":198,"comment_status":"open","ping_status":"closed","template":"","meta":[],"product_brand":[],"product_cat":[15],"product_tag":[],"class_list":{"0":"post-231","1":"product","2":"type-product","3":"status-publish","4":"has-post-thumbnail","6":"product_cat-uncategorized","8":"first","9":"instock","10":"taxable","11":"shipping-taxable","12":"purchasable","13":"product-type-variable","14":"has-default-attributes"},"_links":{"self":[{"href":"https:\/\/rois-dz.com\/en\/wp-json\/wp\/v2\/product\/231","targetHints":{"allow":["GET"]}}],"collection":[{"href":"https:\/\/rois-dz.com\/en\/wp-json\/wp\/v2\/product"}],"about":[{"href":"https:\/\/rois-dz.com\/en\/wp-json\/wp\/v2\/types\/product"}],"replies":[{"embeddable":true,"href":"https:\/\/rois-dz.com\/en\/wp-json\/wp\/v2\/comments?post=231"}],"wp:featuredmedia":[{"embeddable":true,"href":"https:\/\/rois-dz.com\/en\/wp-json\/wp\/v2\/media\/198"}],"wp:attachment":[{"href":"https:\/\/rois-dz.com\/en\/wp-json\/wp\/v2\/media?parent=231"}],"wp:term":[{"taxonomy":"product_brand","embeddable":true,"href":"https:\/\/rois-dz.com\/en\/wp-json\/wp\/v2\/product_brand?post=231"},{"taxonomy":"product_cat","embeddable":true,"href":"https:\/\/rois-dz.com\/en\/wp-json\/wp\/v2\/product_cat?post=231"},{"taxonomy":"product_tag","embeddable":true,"href":"https:\/\/rois-dz.com\/en\/wp-json\/wp\/v2\/product_tag?post=231"}],"curies":[{"name":"wp","href":"https:\/\/api.w.org\/{rel}","templated":true}]}}