{"id":1032,"date":"2026-03-28T19:16:34","date_gmt":"2026-03-28T19:16:34","guid":{"rendered":"https:\/\/rois-dz.com\/?post_type=product&#038;p=1032"},"modified":"2026-03-31T19:02:22","modified_gmt":"2026-03-31T19:02:22","slug":"matelas-orthopedique-d30-roule-old","status":"publish","type":"product","link":"https:\/\/rois-dz.com\/en\/product\/matelas-orthopedique-d30-roule-old\/","title":{"rendered":"Matelas Orthop\u00e9dique D30 Roul\u00e9"},"content":{"rendered":"<p style=\"text-align: right;\" data-start=\"121\" data-end=\"185\">\u2728 \u0627\u0645\u0646\u062d \u0646\u0641\u0633\u0643 \u0646\u0648\u0645 \u0627\u0644\u0623\u062d\u0644\u0627\u0645 \u2728<br data-start=\"146\" data-end=\"149\" \/>\u0645\u0631\u062a\u0628\u0629 <strong data-start=\"155\" data-end=\"172\">\u0623\u0631\u062b\u0648\u0628\u064a\u062f\u064a\u0643 D30<\/strong> \u0645\u0644\u0641\u0648\u0641\u0629 \ud83d\udecf\ufe0f<\/p>\n<p style=\"text-align: right;\" data-start=\"187\" data-end=\"421\">\u2705 \u062f\u0639\u0645 \u0642\u0648\u064a \u0648\u0635\u0644\u0628 \u0645\u0639 \u0631\u0627\u062d\u0629 \u0646\u0627\u0639\u0645\u0629 (\u0648\u062c\u0647 \u0633\u0648\u0641\u062a)<br data-start=\"226\" data-end=\"229\" \/>\u2705 \u0643\u062b\u0627\u0641\u0629 30 \u0639\u0627\u0644\u064a\u0629 \u2013 \u0635\u0644\u0628\u0629\u060c \u0645\u062a\u064a\u0646\u0629 \u0648\u063a\u064a\u0631 \u0642\u0627\u0628\u0644\u0629 \u0644\u0644\u062a\u0634\u0648\u0647<br data-start=\"277\" data-end=\"280\" \/>\u2705 \u062c\u0648\u062f\u0629 \u0641\u0646\u062f\u0642\u064a\u0629 \u0623\u0648\u0631\u0648\u0628\u064a\u0629 5 \u0646\u062c\u0648\u0645 \u2b50\ufe0f<br data-start=\"311\" data-end=\"314\" \/>\u2705 \u0636\u0645\u0627\u0646 10 \u0633\u0646\u0648\u0627\u062a<br data-start=\"329\" data-end=\"332\" \/>\u2705 \u0645\u0631\u062a\u0628\u0629 \u0645\u0644\u0641\u0648\u0641\u0629 \u0644\u0633\u0647\u0648\u0644\u0629 \u0627\u0644\u0646\u0642\u0644 \u0648\u0627\u0644\u062a\u062e\u0632\u064a\u0646<br data-start=\"368\" data-end=\"371\" \/>\u2705 \u062a\u0648\u0635\u064a\u0644 \u0633\u0631\u064a\u0639 \u0625\u0644\u0649 58 \u0648\u0644\u0627\u064a\u0629<\/p>\n<p style=\"text-align: right;\" data-start=\"504\" data-end=\"527\">\ud83d\udccf \u0627\u0644\u0645\u0642\u0627\u0633\u0627\u062a \u0648\u0627\u0644\u0623\u0633\u0639\u0627\u0631:<\/p>\n<p>&nbsp;<\/p>\n<p style=\"text-align: right;\" data-start=\"1183\" data-end=\"1218\">\ud83d\udc49 \u0627\u0637\u0644\u0628 \u0627\u0644\u0622\u0646 \u0648\u0627\u062f\u0641\u0639 \u0639\u0646\u062f \u0627\u0644\u0627\u0633\u062a\u0644\u0627\u0645 \u2705<\/p>\n<p style=\"text-align: right;\"><span style=\"font-family: Arial, Helvetica, sans-serif;\">Le matelas orthop\u00e9dique D30 est con\u00e7u pour les personnes \u00e0 la recherche d\u2019un matelas de soutien ferme avec un excellent confort. Gr\u00e2ce \u00e0 sa mousse haute densit\u00e9 D30 et son \u00e9paisseur de 25 cm, il offre un maintien optimal pour la colonne vert\u00e9brale, tout en assurant une bonne d\u00e9tente musculaire.<\/span><\/p>\n<p style=\"text-align: right;\"><span style=\"font-family: Arial, Helvetica, sans-serif;\">Id\u00e9al pour adultes, personnes \u00e2g\u00e9es ou toute personne souhaitant un matelas orthop\u00e9dique fiable et r\u00e9sistant, ce mod\u00e8le propose \u00e9galement une face en mousse soft pour un accueil plus moelleux.<\/span><\/p>\n<p style=\"text-align: right;\"><span style=\"font-family: Arial, Helvetica, sans-serif;\">Matelas D30 orthop\u00e9dique ferme dur et durable et ind\u00e9formable&#8230; Avec excellent confort matelas fiable et r\u00e9sistant.<\/span><\/p>\n<p style=\"text-align: right;\"><span style=\"font-family: Arial, Helvetica, sans-serif;\">\u0628\u0641\u0636\u0644 \u0643\u062b\u0627\u0641\u062a\u0647\u0627 \u0627\u0644\u0639\u0627\u0644\u064a\u0629 \u0647\u0627\u062f \u0627\u0644\u0645\u0627\u0637\u0644\u0629 \u0644\u0644\u0646\u0627\u0633 \u0644\u062a\u062d\u0648\u0633 \u0639\u0644\u0649 \u062d\u0627\u062c\u0629 \u0634\u0627\u062f\u0629 \u0631\u0648\u062d\u0647\u0627 \u0648 \u0641\u064a \u0646\u0641\u0633 \u0627\u0644\u0648\u0642\u062a \u0645\u0631\u064a\u062d\u0629<\/span><\/p>\n<p style=\"text-align: right;\"><span style=\"font-family: Arial, Helvetica, sans-serif;\">_technologie 100\/100 mousse polyur\u00e9thane .<\/span><\/p>\n<p style=\"text-align: right;\"><span style=\"font-family: Arial, Helvetica, sans-serif;\">_Tissu 100\/100 coton anti allergique anti acariens tricot stretch \u0642\u0637\u0646\u064a \u0648 \u0646\u0627\u0639\u0645 doux et respirant <\/span><br \/>\n<span style=\"font-family: Arial, Helvetica, sans-serif;\">\u0644\u0627\u0645\u0648\u0633 \u0627\u0644\u0623\u0644\u0645\u0627\u0646\u064a\u0629 \u0627\u0644\u0645\u062a\u064a\u0646\u0629 \u0645\u0639 \u0627\u0644\u0642\u0645\u0627\u0634 \u0627\u0644\u0628\u0644\u062c\u064a\u0643\u064a \u0627\u0644\u0641\u0627\u062e\u0631 \u0645\u062a\u0648\u0641\u0631\u0629 \u0641\u064a \u0643\u0644 \u0627\u0644\u0642\u064a\u0627\u0633\u0627\u062a <\/span><br \/>\n<span style=\"font-family: Arial, Helvetica, sans-serif;\">une place deux places o m\u00eame les dimensions sur commande <\/span><br \/>\n<span style=\"font-family: Arial, Helvetica, sans-serif;\">\u0645\u062a\u0648\u0641\u0631\u0629 \u0623\u064a\u0636\u0627 \u0641\u064a \u0625\u0631\u062a\u0641\u0627\u0639 20 \u0633\u0645 25\u0633\u0645 30 \u0633\u0645<\/span><br \/>\n<span style=\"font-family: Arial, Helvetica, sans-serif;\">.<\/span><\/p>\n<p style=\"text-align: right;\"><span style=\"font-family: Arial, Helvetica, sans-serif;\">\u0647\u0627\u062f\u064a \u062c\u064a \u0631\u0648\u0644\u064a \u0633\u0647\u0644\u0629 \u0627\u0644\u0646\u0642\u0644<\/span><\/p>\n<p style=\"text-align: right;\"><span style=\"font-family: Arial, Helvetica, sans-serif;\">garantie 10 ans<\/span><\/p>\n<p style=\"text-align: right;\"><span style=\"font-family: Arial, Helvetica, sans-serif;\">\ud83c\udf811matelas = + 2oreillers plus prot\u00e8ge matelas imperm\u00e9able cadeaux <\/span><br \/>\n<span style=\"font-family: Arial, Helvetica, sans-serif;\">\u2611\ufe0fQualit\u00e9 d&#8217;h\u00f4tel europ\u00e9enne 5 \u00e9toiles \u2b50\ufe0f<\/span><br \/>\n<span style=\"font-family: Arial, Helvetica, sans-serif;\">\u2611\ufe0f Densit\u00e9 30 \ud83c\udde9\ud83c\uddea dur et durable et ind\u00e9formable <\/span><br \/>\n<span style=\"font-family: Arial, Helvetica, sans-serif;\">\u2611\ufe0fLivraison rapide 58 wilaya <\/span><br \/>\n<span style=\"font-family: Arial, Helvetica, sans-serif;\">\u2611\ufe0fId\u00e9e de cadeau originale<\/span><br \/>\n<span style=\"font-family: Arial, Helvetica, sans-serif;\">\u2611\ufe0fMatelas roul\u00e9e <\/span><br \/>\n<span style=\"font-family: Arial, Helvetica, sans-serif;\">\u2611\ufe0fCommander et payer \u00e0 la livraison<\/span><\/p>\n<p style=\"text-align: right;\"><span style=\"font-family: Arial, Helvetica, sans-serif;\">\u2705 Matelas \u00c9paisseur 20 cm. 25cm. 30 cm<\/span><\/p>\n<p>&nbsp;<\/p>\n<p style=\"text-align: right;\">","protected":false},"excerpt":{"rendered":"<p>\u2728 \u0627\u0645\u0646\u062d \u0646\u0641\u0633\u0643 \u0646\u0648\u0645 \u0627\u0644\u0623\u062d\u0644\u0627\u0645 \u2728\u0645\u0631\u062a\u0628\u0629 \u0623\u0631\u062b\u0648\u0628\u064a\u062f\u064a\u0643 D30 \u0645\u0644\u0641\u0648\u0641\u0629 \ud83d\udecf\ufe0f \u2705 \u062f\u0639\u0645 \u0642\u0648\u064a \u0648\u0635\u0644\u0628 \u0645\u0639 \u0631\u0627\u062d\u0629 \u0646\u0627\u0639\u0645\u0629 (\u0648\u062c\u0647 \u0633\u0648\u0641\u062a)\u2705 \u0643\u062b\u0627\u0641\u0629 30 \u0639\u0627\u0644\u064a\u0629 \u2013 \u0635\u0644\u0628\u0629\u060c \u0645\u062a\u064a\u0646\u0629 \u0648\u063a\u064a\u0631 \u0642\u0627\u0628\u0644\u0629 \u0644\u0644\u062a\u0634\u0648\u0647\u2705 \u062c\u0648\u062f\u0629 \u0641\u0646\u062f\u0642\u064a\u0629 \u0623\u0648\u0631\u0648\u0628\u064a\u0629 5 \u0646\u062c\u0648\u0645 \u2b50\ufe0f\u2705 \u0636\u0645\u0627\u0646 10 \u0633\u0646\u0648\u0627\u062a\u2705 \u0645\u0631\u062a\u0628\u0629 \u0645\u0644\u0641\u0648\u0641\u0629 \u0644\u0633\u0647\u0648\u0644\u0629 \u0627\u0644\u0646\u0642\u0644 \u0648\u0627\u0644\u062a\u062e\u0632\u064a\u0646\u2705 \u062a\u0648\u0635\u064a\u0644 \u0633\u0631\u064a\u0639 \u0625\u0644\u0649 58 \u0648\u0644\u0627\u064a\u0629 \ud83d\udccf \u0627\u0644\u0645\u0642\u0627\u0633\u0627\u062a \u0648\u0627\u0644\u0623\u0633\u0639\u0627\u0631: &nbsp; \ud83d\udc49 \u0627\u0637\u0644\u0628 \u0627\u0644\u0622\u0646 \u0648\u0627\u062f\u0641\u0639 [&hellip;]<\/p>\n","protected":false},"featured_media":195,"comment_status":"open","ping_status":"closed","template":"","meta":[],"product_brand":[],"product_cat":[15],"product_tag":[],"class_list":{"0":"post-1032","1":"product","2":"type-product","3":"status-publish","4":"has-post-thumbnail","6":"product_cat-uncategorized","7":"product_shipping_class-other-products","9":"first","10":"instock","11":"taxable","12":"shipping-taxable","13":"purchasable","14":"product-type-variable","15":"has-default-attributes"},"_links":{"self":[{"href":"https:\/\/rois-dz.com\/en\/wp-json\/wp\/v2\/product\/1032","targetHints":{"allow":["GET"]}}],"collection":[{"href":"https:\/\/rois-dz.com\/en\/wp-json\/wp\/v2\/product"}],"about":[{"href":"https:\/\/rois-dz.com\/en\/wp-json\/wp\/v2\/types\/product"}],"replies":[{"embeddable":true,"href":"https:\/\/rois-dz.com\/en\/wp-json\/wp\/v2\/comments?post=1032"}],"wp:featuredmedia":[{"embeddable":true,"href":"https:\/\/rois-dz.com\/en\/wp-json\/wp\/v2\/media\/195"}],"wp:attachment":[{"href":"https:\/\/rois-dz.com\/en\/wp-json\/wp\/v2\/media?parent=1032"}],"wp:term":[{"taxonomy":"product_brand","embeddable":true,"href":"https:\/\/rois-dz.com\/en\/wp-json\/wp\/v2\/product_brand?post=1032"},{"taxonomy":"product_cat","embeddable":true,"href":"https:\/\/rois-dz.com\/en\/wp-json\/wp\/v2\/product_cat?post=1032"},{"taxonomy":"product_tag","embeddable":true,"href":"https:\/\/rois-dz.com\/en\/wp-json\/wp\/v2\/product_tag?post=1032"}],"curies":[{"name":"wp","href":"https:\/\/api.w.org\/{rel}","templated":true}]}}